{"id":30,"date":"2026-03-09T12:23:16","date_gmt":"2026-03-09T11:23:16","guid":{"rendered":"http:\/\/imdtsgr.cluster100.hosting.ovh.net\/index.php\/blog\/"},"modified":"2026-03-09T15:33:41","modified_gmt":"2026-03-09T14:33:41","slug":"blog","status":"publish","type":"page","link":"https:\/\/sadzimylasy.org\/index.php\/blog\/","title":{"rendered":"Blog"},"content":{"rendered":"\n<div class=\"wp-block-query alignfull is-layout-flow wp-block-query-is-layout-flow\">\n<div class=\"wp-block-group alignfull is-layout-flow wp-block-group-is-layout-flow\" style=\"padding-top:0;padding-right:0;padding-bottom:0;padding-left:0\"><ul style=\"text-transform:none;\" class=\"wp-block-post-template is-layout-flow wp-container-core-post-template-is-layout-ea1fff98 wp-block-post-template-is-layout-flow\"><li class=\"wp-block-post post-394 post type-post status-publish format-standard has-post-thumbnail hentry category-blog\">\n\n<div class=\"wp-block-group is-layout-flow wp-block-group-is-layout-flow\" style=\"border-bottom-color:var(--wp--preset--color--contrast);border-bottom-width:1px\">\n<div class=\"wp-block-group is-content-justification-space-between is-nowrap is-layout-flex wp-container-core-group-is-layout-dd9de04e wp-block-group-is-layout-flex\" style=\"padding-top:16px;padding-right:16px;padding-bottom:16px;padding-left:16px\">\n<div class=\"wp-block-group is-nowrap is-layout-flex wp-container-core-group-is-layout-89a94f6a wp-block-group-is-layout-flex\"><div style=\"text-transform:uppercase; margin-top:0;margin-right:0;margin-bottom:0;margin-left:0;\" class=\"has-text-align-left has-link-color wp-elements-c2d22607ed32bab79e93ee116eca0bca wp-block-post-date has-text-color has-contrast-color has-small-font-size\"><time datetime=\"2026-04-15T12:47:06+02:00\">kwi 15, 2026<\/time><\/div><\/div>\n<\/div>\n<\/div>\n\n\n\n<div class=\"wp-block-group is-vertical is-layout-flex wp-container-core-group-is-layout-9963c863 wp-block-group-is-layout-flex\" style=\"padding-top:16px;padding-right:16px;padding-bottom:var(--wp--preset--spacing--70);padding-left:80px\"><h2 style=\"background-color:#11d515; font-size:clamp(1.198rem, 1.198rem + ((1vw - 0.2rem) * 1.101), 1.9rem);font-style:normal;font-weight:700;line-height:1.1;text-transform:uppercase; margin-top:0;margin-right:0;margin-bottom:0;margin-left:0;\" class=\"has-link-color wp-elements-58aed39dbde4b6f8f7cfbbce6ede3ce5 wp-block-post-title has-text-color has-contrast-color has-background\"><a href=\"https:\/\/sadzimylasy.org\/index.php\/2026\/04\/15\/rewolucja-w-polskim-lesie\/\" target=\"_self\" >Rewolucja w polskim lesie<\/a><\/h2><\/div>\n\n\n<figure style=\"width:600px;height:250px; padding-top:var(--wp--preset--spacing--20);padding-bottom:var(--wp--preset--spacing--20);padding-left:var(--wp--preset--spacing--60);padding-right:var(--wp--preset--spacing--60);\" class=\"wp-block-post-featured-image\"><img fetchpriority=\"high\" decoding=\"async\" width=\"1200\" height=\"630\" src=\"https:\/\/sadzimylasy.org\/wp-content\/uploads\/2026\/04\/dab.jpg\" class=\"attachment-full size-full wp-post-image\" alt=\"d\u0105b\" style=\"height:250px;object-fit:cover;\" srcset=\"https:\/\/sadzimylasy.org\/wp-content\/uploads\/2026\/04\/dab.jpg 1200w, https:\/\/sadzimylasy.org\/wp-content\/uploads\/2026\/04\/dab-300x158.jpg 300w, https:\/\/sadzimylasy.org\/wp-content\/uploads\/2026\/04\/dab-1024x538.jpg 1024w, https:\/\/sadzimylasy.org\/wp-content\/uploads\/2026\/04\/dab-768x403.jpg 768w\" sizes=\"(max-width: 1200px) 100vw, 1200px\" \/><\/figure>\n<\/li><li class=\"wp-block-post post-346 post type-post status-publish format-standard has-post-thumbnail hentry category-blog\">\n\n<div class=\"wp-block-group is-layout-flow wp-block-group-is-layout-flow\" style=\"border-bottom-color:var(--wp--preset--color--contrast);border-bottom-width:1px\">\n<div class=\"wp-block-group is-content-justification-space-between is-nowrap is-layout-flex wp-container-core-group-is-layout-dd9de04e wp-block-group-is-layout-flex\" style=\"padding-top:16px;padding-right:16px;padding-bottom:16px;padding-left:16px\">\n<div class=\"wp-block-group is-nowrap is-layout-flex wp-container-core-group-is-layout-89a94f6a wp-block-group-is-layout-flex\"><div style=\"text-transform:uppercase; margin-top:0;margin-right:0;margin-bottom:0;margin-left:0;\" class=\"has-text-align-left has-link-color wp-elements-c2d22607ed32bab79e93ee116eca0bca wp-block-post-date has-text-color has-contrast-color has-small-font-size\"><time datetime=\"2026-04-10T17:24:18+02:00\">kwi 10, 2026<\/time><\/div><\/div>\n<\/div>\n<\/div>\n\n\n\n<div class=\"wp-block-group is-vertical is-layout-flex wp-container-core-group-is-layout-9963c863 wp-block-group-is-layout-flex\" style=\"padding-top:16px;padding-right:16px;padding-bottom:var(--wp--preset--spacing--70);padding-left:80px\"><h2 style=\"background-color:#11d515; font-size:clamp(1.198rem, 1.198rem + ((1vw - 0.2rem) * 1.101), 1.9rem);font-style:normal;font-weight:700;line-height:1.1;text-transform:uppercase; margin-top:0;margin-right:0;margin-bottom:0;margin-left:0;\" class=\"has-link-color wp-elements-58aed39dbde4b6f8f7cfbbce6ede3ce5 wp-block-post-title has-text-color has-contrast-color has-background\"><a href=\"https:\/\/sadzimylasy.org\/index.php\/2026\/04\/10\/mokradla-ktorych-nie-widac-a-ktore-ratuja-lasy\/\" target=\"_self\" >Mokrad\u0142a, kt\u00f3rych nie wida\u0107, a kt\u00f3re ratuj\u0105 lasy<\/a><\/h2><\/div>\n\n\n<figure style=\"width:600px;height:250px; padding-top:var(--wp--preset--spacing--20);padding-bottom:var(--wp--preset--spacing--20);padding-left:var(--wp--preset--spacing--60);padding-right:var(--wp--preset--spacing--60);\" class=\"wp-block-post-featured-image\"><img decoding=\"async\" width=\"1200\" height=\"630\" src=\"https:\/\/sadzimylasy.org\/wp-content\/uploads\/2026\/04\/3.jpg\" class=\"attachment-full size-full wp-post-image\" alt=\"Mokrad\u0142a\" style=\"height:250px;object-fit:cover;\" srcset=\"https:\/\/sadzimylasy.org\/wp-content\/uploads\/2026\/04\/3.jpg 1200w, https:\/\/sadzimylasy.org\/wp-content\/uploads\/2026\/04\/3-300x158.jpg 300w, https:\/\/sadzimylasy.org\/wp-content\/uploads\/2026\/04\/3-1024x538.jpg 1024w, https:\/\/sadzimylasy.org\/wp-content\/uploads\/2026\/04\/3-768x403.jpg 768w\" sizes=\"(max-width: 1200px) 100vw, 1200px\" \/><\/figure>\n<\/li><li class=\"wp-block-post post-263 post type-post status-publish format-standard has-post-thumbnail hentry category-blog\">\n\n<div class=\"wp-block-group is-layout-flow wp-block-group-is-layout-flow\" style=\"border-bottom-color:var(--wp--preset--color--contrast);border-bottom-width:1px\">\n<div class=\"wp-block-group is-content-justification-space-between is-nowrap is-layout-flex wp-container-core-group-is-layout-dd9de04e wp-block-group-is-layout-flex\" style=\"padding-top:16px;padding-right:16px;padding-bottom:16px;padding-left:16px\">\n<div class=\"wp-block-group is-nowrap is-layout-flex wp-container-core-group-is-layout-89a94f6a wp-block-group-is-layout-flex\"><div style=\"text-transform:uppercase; margin-top:0;margin-right:0;margin-bottom:0;margin-left:0;\" class=\"has-text-align-left has-link-color wp-elements-c2d22607ed32bab79e93ee116eca0bca wp-block-post-date has-text-color has-contrast-color has-small-font-size\"><time datetime=\"2026-03-31T18:22:57+02:00\">mar 31, 2026<\/time><\/div><\/div>\n<\/div>\n<\/div>\n\n\n\n<div class=\"wp-block-group is-vertical is-layout-flex wp-container-core-group-is-layout-9963c863 wp-block-group-is-layout-flex\" style=\"padding-top:16px;padding-right:16px;padding-bottom:var(--wp--preset--spacing--70);padding-left:80px\"><h2 style=\"background-color:#11d515; font-size:clamp(1.198rem, 1.198rem + ((1vw - 0.2rem) * 1.101), 1.9rem);font-style:normal;font-weight:700;line-height:1.1;text-transform:uppercase; margin-top:0;margin-right:0;margin-bottom:0;margin-left:0;\" class=\"has-link-color wp-elements-58aed39dbde4b6f8f7cfbbce6ede3ce5 wp-block-post-title has-text-color has-contrast-color has-background\"><a href=\"https:\/\/sadzimylasy.org\/index.php\/2026\/03\/31\/lasy-w-ogniu-miasta-w-upale-dlaczego-wszyscy-jestesmy-zalezni-od-drzew\/\" target=\"_self\" >Lasy w ogniu, miasta w upale: dlaczego wszyscy jeste\u015bmy zale\u017cni od drzew.<\/a><\/h2><\/div>\n\n\n<figure style=\"width:600px;height:250px; padding-top:var(--wp--preset--spacing--20);padding-bottom:var(--wp--preset--spacing--20);padding-left:var(--wp--preset--spacing--60);padding-right:var(--wp--preset--spacing--60);\" class=\"wp-block-post-featured-image\"><img decoding=\"async\" width=\"1200\" height=\"630\" src=\"https:\/\/sadzimylasy.org\/wp-content\/uploads\/2026\/03\/nasady-w-miescie.jpg\" class=\"attachment-full size-full wp-post-image\" alt=\"Drzewa to wa\u017cny element\" style=\"height:250px;object-fit:cover;\" srcset=\"https:\/\/sadzimylasy.org\/wp-content\/uploads\/2026\/03\/nasady-w-miescie.jpg 1200w, https:\/\/sadzimylasy.org\/wp-content\/uploads\/2026\/03\/nasady-w-miescie-300x158.jpg 300w, https:\/\/sadzimylasy.org\/wp-content\/uploads\/2026\/03\/nasady-w-miescie-1024x538.jpg 1024w, https:\/\/sadzimylasy.org\/wp-content\/uploads\/2026\/03\/nasady-w-miescie-768x403.jpg 768w\" sizes=\"(max-width: 1200px) 100vw, 1200px\" \/><\/figure>\n<\/li><\/ul><\/div>\n\n\n\n<div class=\"wp-block-group is-layout-flow wp-block-group-is-layout-flow\" style=\"margin-top:0;margin-bottom:0;padding-top:var(--wp--preset--spacing--30);padding-right:16px;padding-bottom:var(--wp--preset--spacing--30);padding-left:16px\"><nav class=\"wp-block-query-pagination is-content-justification-left is-nowrap is-layout-flex wp-container-core-query-pagination-is-layout-fc9f69e7 wp-block-query-pagination-is-layout-flex\" aria-label=\"Stronicowanie\">\n\n\n<a href=\"\/index.php\/wp-json\/wp\/v2\/pages\/30?query-31-page=2\" style=\"text-transform:uppercase;\" class=\"wp-block-query-pagination-next has-small-font-size\">Nast\u0119pna Strona<\/a>\n<\/nav><\/div>\n<\/div>\n","protected":false},"excerpt":{"rendered":"","protected":false},"author":1,"featured_media":0,"parent":0,"menu_order":0,"comment_status":"closed","ping_status":"closed","template":"","meta":{"footnotes":""},"class_list":["post-30","page","type-page","status-publish","hentry"],"_links":{"self":[{"href":"https:\/\/sadzimylasy.org\/index.php\/wp-json\/wp\/v2\/pages\/30","targetHints":{"allow":["GET"]}}],"collection":[{"href":"https:\/\/sadzimylasy.org\/index.php\/wp-json\/wp\/v2\/pages"}],"about":[{"href":"https:\/\/sadzimylasy.org\/index.php\/wp-json\/wp\/v2\/types\/page"}],"author":[{"embeddable":true,"href":"https:\/\/sadzimylasy.org\/index.php\/wp-json\/wp\/v2\/users\/1"}],"replies":[{"embeddable":true,"href":"https:\/\/sadzimylasy.org\/index.php\/wp-json\/wp\/v2\/comments?post=30"}],"version-history":[{"count":10,"href":"https:\/\/sadzimylasy.org\/index.php\/wp-json\/wp\/v2\/pages\/30\/revisions"}],"predecessor-version":[{"id":195,"href":"https:\/\/sadzimylasy.org\/index.php\/wp-json\/wp\/v2\/pages\/30\/revisions\/195"}],"wp:attachment":[{"href":"https:\/\/sadzimylasy.org\/index.php\/wp-json\/wp\/v2\/media?parent=30"}],"curies":[{"name":"wp","href":"https:\/\/api.w.org\/{rel}","templated":true}]}}